{"id":498,"date":"2021-07-14T15:48:17","date_gmt":"2021-07-14T15:48:17","guid":{"rendered":"https:\/\/www.etp.pt\/?page_id=498"},"modified":"2021-08-15T12:01:41","modified_gmt":"2021-08-15T12:01:41","slug":"protecao-de-dados-etp","status":"publish","type":"page","link":"https:\/\/etp.pt\/en\/protecao-de-dados-etp\/","title":{"rendered":"POL\u00cdTICA DE PROTE\u00c7\u00c3O DE DADOS"},"content":{"rendered":"<style>#kt-layout-id_e4c80d-f3 > .kt-row-column-wrap{align-content:start;}:where(#kt-layout-id_e4c80d-f3 > .kt-row-column-wrap) > .wp-block-kadence-column{justify-content:start;}#kt-layout-id_e4c80d-f3 > .kt-row-column-wrap{column-gap:var(--global-kb-gap-md, 2rem);row-gap:var(--global-kb-gap-md, 2rem);padding-top:var( --global-kb-row-default-top, 25px );padding-bottom:var( --global-kb-row-default-bottom, 25px );padding-top:40px;padding-bottom:60px;grid-template-columns:minmax(0, 1fr);}#kt-layout-id_e4c80d-f3 > .kt-row-layout-overlay{opacity:0.30;}@media all and (max-width: 1024px){#kt-layout-id_e4c80d-f3 > .kt-row-column-wrap{grid-template-columns:minmax(0, 1fr);}}@media all and (max-width: 767px){#kt-layout-id_e4c80d-f3 > .kt-row-column-wrap{grid-template-columns:minmax(0, 1fr);}}<\/style>\n<div class=\"wp-block-kadence-rowlayout alignnone\"><div id=\"kt-layout-id_e4c80d-f3\" class=\"kt-row-layout-inner kt-layout-id_e4c80d-f3\"><div class=\"kt-row-column-wrap kt-has-1-columns kt-gutter-default kt-v-gutter-default kt-row-valign-top kt-row-layout-equal kt-tab-layout-inherit kt-m-colapse-left-to-right kt-mobile-layout-row\"><style>.kadence-column_de1a69-c1 > .kt-inside-inner-col{border-top-width:0px;border-right-width:0px;border-bottom-width:0px;border-left-width:0px;}.kadence-column_de1a69-c1 > .kt-inside-inner-col,.kadence-column_de1a69-c1 > .kt-inside-inner-col:before{border-top-left-radius:0px;border-top-right-radius:0px;border-bottom-right-radius:0px;border-bottom-left-radius:0px;}.kadence-column_de1a69-c1 > .kt-inside-inner-col{column-gap:var(--global-kb-gap-sm, 1rem);}.kadence-column_de1a69-c1 > .kt-inside-inner-col{flex-direction:column;}.kadence-column_de1a69-c1 > .kt-inside-inner-col > .aligncenter{width:100%;}.kadence-column_de1a69-c1 > .kt-inside-inner-col:before{opacity:0.3;}.kadence-column_de1a69-c1{position:relative;}@media all and (max-width: 1024px){.kadence-column_de1a69-c1 > .kt-inside-inner-col{flex-direction:column;justify-content:center;}}@media all and (max-width: 767px){.kadence-column_de1a69-c1 > .kt-inside-inner-col{flex-direction:column;justify-content:center;}}<\/style>\n<div class=\"wp-block-kadence-column inner-column-1 kadence-column_de1a69-c1\"><div class=\"kt-inside-inner-col\"><style>.wp-block-kadence-advancedheading.kt-adv-heading_5267da-89, .wp-block-kadence-advancedheading.kt-adv-heading_5267da-89[data-kb-block=\"kb-adv-heading_5267da-89\"]{font-style:normal;}.wp-block-kadence-advancedheading.kt-adv-heading_5267da-89 mark.kt-highlight, .wp-block-kadence-advancedheading.kt-adv-heading_5267da-89[data-kb-block=\"kb-adv-heading_5267da-89\"] mark.kt-highlight{font-style:normal;color:#f76a0c;-webkit-box-decoration-break:clone;box-decoration-break:clone;padding-top:0px;padding-right:0px;padding-bottom:0px;padding-left:0px;}.wp-block-kadence-advancedheading.kt-adv-heading_5267da-89 img.kb-inline-image, .wp-block-kadence-advancedheading.kt-adv-heading_5267da-89[data-kb-block=\"kb-adv-heading_5267da-89\"] img.kb-inline-image{width:150px;vertical-align:baseline;}<\/style>\n<h1 class=\"kt-adv-heading_5267da-89 wp-block-kadence-advancedheading\" data-kb-block=\"kb-adv-heading_5267da-89\">POL\u00cdTICA DE PROTE\u00c7\u00c3O DE DADOS DA ENVIRONMENT, TRANSPORT &amp; PLANNING, PORTUGAL, LDA.<\/h1>\n\n\n\n<p>O objetivo deste documento \u00e9 dar a conhecer o compromisso da Environment, Transport &amp; Planning, de ora em diante referida como ETP, para com a prote\u00e7\u00e3o dos dados pessoais fornecidos atrav\u00e9s do website. Pretendemos que a informa\u00e7\u00e3o seja clara, concisa e transparente para que possa tomar decis\u00f5es informadas sobre o uso dos seus dados pessoais pela ETP.<\/p>\n\n\n\n<p>Este tratamento \u00e9 realizado ao abrigo do Regulamento Geral de Prote\u00e7\u00e3o de Dados \u2013 Regulamento (UE) 2016\/679.<\/p>\n\n\n<style>.wp-block-kadence-advancedheading.kt-adv-heading_160146-3c, .wp-block-kadence-advancedheading.kt-adv-heading_160146-3c[data-kb-block=\"kb-adv-heading_160146-3c\"]{font-style:normal;}.wp-block-kadence-advancedheading.kt-adv-heading_160146-3c mark.kt-highlight, .wp-block-kadence-advancedheading.kt-adv-heading_160146-3c[data-kb-block=\"kb-adv-heading_160146-3c\"] mark.kt-highlight{font-style:normal;color:#f76a0c;-webkit-box-decoration-break:clone;box-decoration-break:clone;padding-top:0px;padding-right:0px;padding-bottom:0px;padding-left:0px;}.wp-block-kadence-advancedheading.kt-adv-heading_160146-3c img.kb-inline-image, .wp-block-kadence-advancedheading.kt-adv-heading_160146-3c[data-kb-block=\"kb-adv-heading_160146-3c\"] img.kb-inline-image{width:150px;vertical-align:baseline;}<\/style>\n<h3 class=\"kt-adv-heading_160146-3c wp-block-kadence-advancedheading\" data-kb-block=\"kb-adv-heading_160146-3c\">Respons\u00e1vel pela Prote\u00e7\u00e3o dos Dados Pessoais<\/h3>\n\n\n\n<p>Environment, Transport &amp; Planning, Portugal, Lda.<\/p>\n\n\n<style>.wp-block-kadence-advancedheading.kt-adv-heading_f33ce3-ce, .wp-block-kadence-advancedheading.kt-adv-heading_f33ce3-ce[data-kb-block=\"kb-adv-heading_f33ce3-ce\"]{font-style:normal;}.wp-block-kadence-advancedheading.kt-adv-heading_f33ce3-ce mark.kt-highlight, .wp-block-kadence-advancedheading.kt-adv-heading_f33ce3-ce[data-kb-block=\"kb-adv-heading_f33ce3-ce\"] mark.kt-highlight{font-style:normal;color:#f76a0c;-webkit-box-decoration-break:clone;box-decoration-break:clone;padding-top:0px;padding-right:0px;padding-bottom:0px;padding-left:0px;}.wp-block-kadence-advancedheading.kt-adv-heading_f33ce3-ce img.kb-inline-image, .wp-block-kadence-advancedheading.kt-adv-heading_f33ce3-ce[data-kb-block=\"kb-adv-heading_f33ce3-ce\"] img.kb-inline-image{width:150px;vertical-align:baseline;}<\/style>\n<h3 class=\"kt-adv-heading_f33ce3-ce wp-block-kadence-advancedheading\" data-kb-block=\"kb-adv-heading_f33ce3-ce\">Dados Pessoais Recolhidos<\/h3>\n\n\n\n<p>A ETP recolhe dados pessoais que s\u00e3o fornecidos diretamente atrav\u00e9s dos meios de contacto disponibilizados atrav\u00e9s do website. Os contactos efetuados podem ter como objetivo solicitar informa\u00e7\u00f5es sobre os nossos servi\u00e7os, colocar quest\u00f5es ou pedidos atrav\u00e9s do nosso site, entre outros.<br>Esses dados podem incluir:<\/p>\n\n\n\n<ul class=\"wp-block-list\"><li>Identifica\u00e7\u00e3o e dados de contacto, como nome, n\u00famero de telefone, e-mail e endere\u00e7o;<\/li><li>Qualquer outra informa\u00e7\u00e3o que o Titular pretenda partilhar connosco.<\/li><\/ul>\n\n\n\n<p>Os dados pessoais recolhidos ser\u00e3o de uso exclusivo pela ETP n\u00e3o havendo lugar a qualquer partilha dos mesmos. Na eventualidade de tal vir a revelar-se necess\u00e1rio, notificaremos o Titular dos dados.<\/p>\n\n\n<style>.wp-block-kadence-advancedheading.kt-adv-heading_5f4c2b-68, .wp-block-kadence-advancedheading.kt-adv-heading_5f4c2b-68[data-kb-block=\"kb-adv-heading_5f4c2b-68\"]{font-style:normal;}.wp-block-kadence-advancedheading.kt-adv-heading_5f4c2b-68 mark.kt-highlight, .wp-block-kadence-advancedheading.kt-adv-heading_5f4c2b-68[data-kb-block=\"kb-adv-heading_5f4c2b-68\"] mark.kt-highlight{font-style:normal;color:#f76a0c;-webkit-box-decoration-break:clone;box-decoration-break:clone;padding-top:0px;padding-right:0px;padding-bottom:0px;padding-left:0px;}.wp-block-kadence-advancedheading.kt-adv-heading_5f4c2b-68 img.kb-inline-image, .wp-block-kadence-advancedheading.kt-adv-heading_5f4c2b-68[data-kb-block=\"kb-adv-heading_5f4c2b-68\"] img.kb-inline-image{width:150px;vertical-align:baseline;}<\/style>\n<h3 class=\"kt-adv-heading_5f4c2b-68 wp-block-kadence-advancedheading\" data-kb-block=\"kb-adv-heading_5f4c2b-68\">Cookies<\/h3>\n\n\n\n<p>Cookies s\u00e3o pequenos arquivos de texto que os sites visitados instalam no computador do utilizador com o objetivo, por exemplo, de facilitar a navega\u00e7\u00e3o.<\/p>\n\n\n\n<p>A ETP utiliza os cookies exclusivamente para recolha dos dados de contacto, simplificando contactos futuros.<\/p>\n\n\n<style>.wp-block-kadence-advancedheading.kt-adv-heading_ba3421-25, .wp-block-kadence-advancedheading.kt-adv-heading_ba3421-25[data-kb-block=\"kb-adv-heading_ba3421-25\"]{font-style:normal;}.wp-block-kadence-advancedheading.kt-adv-heading_ba3421-25 mark.kt-highlight, .wp-block-kadence-advancedheading.kt-adv-heading_ba3421-25[data-kb-block=\"kb-adv-heading_ba3421-25\"] mark.kt-highlight{font-style:normal;color:#f76a0c;-webkit-box-decoration-break:clone;box-decoration-break:clone;padding-top:0px;padding-right:0px;padding-bottom:0px;padding-left:0px;}.wp-block-kadence-advancedheading.kt-adv-heading_ba3421-25 img.kb-inline-image, .wp-block-kadence-advancedheading.kt-adv-heading_ba3421-25[data-kb-block=\"kb-adv-heading_ba3421-25\"] img.kb-inline-image{width:150px;vertical-align:baseline;}<\/style>\n<h3 class=\"kt-adv-heading_ba3421-25 wp-block-kadence-advancedheading\" data-kb-block=\"kb-adv-heading_ba3421-25\">Finalidade dos Dados Pessoais Recolhidos<\/h3>\n\n\n\n<p>Podemos vir a utilizar os seus dados pessoais para:<\/p>\n\n\n\n<ul class=\"wp-block-list\"><li>Dar continuidade \u00e0 raz\u00e3o do contacto efetuado, respondendo a d\u00favidas e coment\u00e1rios, pedidos de propostas, entre outros;<\/li><li>Apresenta\u00e7\u00e3o dos nossos servi\u00e7os;<\/li><li>Analisar a utiliza\u00e7\u00e3o do site.<\/li><\/ul>\n\n\n\n<p>Para qualquer outra finalidade, notificaremos antes de recolher qualquer outro dado pessoal.<\/p>\n\n\n<style>.wp-block-kadence-advancedheading.kt-adv-heading_dcd283-f3, .wp-block-kadence-advancedheading.kt-adv-heading_dcd283-f3[data-kb-block=\"kb-adv-heading_dcd283-f3\"]{font-style:normal;}.wp-block-kadence-advancedheading.kt-adv-heading_dcd283-f3 mark.kt-highlight, .wp-block-kadence-advancedheading.kt-adv-heading_dcd283-f3[data-kb-block=\"kb-adv-heading_dcd283-f3\"] mark.kt-highlight{font-style:normal;color:#f76a0c;-webkit-box-decoration-break:clone;box-decoration-break:clone;padding-top:0px;padding-right:0px;padding-bottom:0px;padding-left:0px;}.wp-block-kadence-advancedheading.kt-adv-heading_dcd283-f3 img.kb-inline-image, .wp-block-kadence-advancedheading.kt-adv-heading_dcd283-f3[data-kb-block=\"kb-adv-heading_dcd283-f3\"] img.kb-inline-image{width:150px;vertical-align:baseline;}<\/style>\n<h3 class=\"kt-adv-heading_dcd283-f3 wp-block-kadence-advancedheading\" data-kb-block=\"kb-adv-heading_dcd283-f3\">Tempo de Reten\u00e7\u00e3o Dos Dados Pessoais Recolhidos<\/h3>\n\n\n\n<p>A ETP manter\u00e1 os seus dados pessoais pelo per\u00edodo necess\u00e1rio para cumprir os objetivos originais para os quais foram recolhidos. Ainda assim, no caso de existir algum requisito legal associado, este ser\u00e1 sempre cumprido.<\/p>\n\n\n<style>.wp-block-kadence-advancedheading.kt-adv-heading_1d8f69-41, .wp-block-kadence-advancedheading.kt-adv-heading_1d8f69-41[data-kb-block=\"kb-adv-heading_1d8f69-41\"]{font-style:normal;}.wp-block-kadence-advancedheading.kt-adv-heading_1d8f69-41 mark.kt-highlight, .wp-block-kadence-advancedheading.kt-adv-heading_1d8f69-41[data-kb-block=\"kb-adv-heading_1d8f69-41\"] mark.kt-highlight{font-style:normal;color:#f76a0c;-webkit-box-decoration-break:clone;box-decoration-break:clone;padding-top:0px;padding-right:0px;padding-bottom:0px;padding-left:0px;}.wp-block-kadence-advancedheading.kt-adv-heading_1d8f69-41 img.kb-inline-image, .wp-block-kadence-advancedheading.kt-adv-heading_1d8f69-41[data-kb-block=\"kb-adv-heading_1d8f69-41\"] img.kb-inline-image{width:150px;vertical-align:baseline;}<\/style>\n<h3 class=\"kt-adv-heading_1d8f69-41 wp-block-kadence-advancedheading\" data-kb-block=\"kb-adv-heading_1d8f69-41\">Prote\u00e7\u00e3o dos Dados Pessoais Recolhidos<\/h3>\n\n\n\n<p>A ETP tem implementado um procedimento de tratamento de dados pessoais no qual est\u00e3o descritas as pr\u00e1ticas aplicadas no tratamento destes dados. Este procedimento descreve os n\u00edveis de acesso, o processamento e o prazo de arquivo dos dados recolhidos, como forma de evitar acessos n\u00e3o autorizados e perda ou destrui\u00e7\u00e3o dos seus dados pessoais. Entre outros, est\u00e3o implementados:<\/p>\n\n\n\n<ul class=\"wp-block-list\"><li>prote\u00e7\u00f5es tecnol\u00f3gicas, como o uso de software antiv\u00edrus, c\u00f3digos de acesso personalizados e monitoriza\u00e7\u00e3o dos acessos;<\/li><li>forma\u00e7\u00e3o e consciencializa\u00e7\u00e3o dos colaboradores sobre seguran\u00e7a e privacidade.<\/li><\/ul>\n\n\n\n<p>A ETP n\u00e3o recolhe dados pessoais sem consentimento, uma vez que os dados s\u00e3o enviados voluntariamente pelo utilizador do site.<br>A ETP n\u00e3o recolhe ou solicita intencionalmente dados pessoais de menores de 16 anos. Se tem menos de 16 anos, fale como seu respons\u00e1vel\/tutor para obter permiss\u00e3o antes de fornecer qualquer informa\u00e7\u00e3o pessoal. Sem essa autoriza\u00e7\u00e3o, n\u00e3o poder\u00e1 fornecer-nos os seus dados pessoais. Se chegar ao nosso conhecimento que reunimos dados de pessoas menores de 16 anos, reservamo-nos o direito de excluir tais dados sem pr\u00e9vio aviso ou autoriza\u00e7\u00e3o.<\/p>\n\n\n<style>.wp-block-kadence-advancedheading.kt-adv-heading_56a518-84, .wp-block-kadence-advancedheading.kt-adv-heading_56a518-84[data-kb-block=\"kb-adv-heading_56a518-84\"]{font-style:normal;}.wp-block-kadence-advancedheading.kt-adv-heading_56a518-84 mark.kt-highlight, .wp-block-kadence-advancedheading.kt-adv-heading_56a518-84[data-kb-block=\"kb-adv-heading_56a518-84\"] mark.kt-highlight{font-style:normal;color:#f76a0c;-webkit-box-decoration-break:clone;box-decoration-break:clone;padding-top:0px;padding-right:0px;padding-bottom:0px;padding-left:0px;}.wp-block-kadence-advancedheading.kt-adv-heading_56a518-84 img.kb-inline-image, .wp-block-kadence-advancedheading.kt-adv-heading_56a518-84[data-kb-block=\"kb-adv-heading_56a518-84\"] img.kb-inline-image{width:150px;vertical-align:baseline;}<\/style>\n<h3 class=\"kt-adv-heading_56a518-84 wp-block-kadence-advancedheading\" data-kb-block=\"kb-adv-heading_56a518-84\">Acesso e Controlo Aos Dados Pessoais<\/h3>\n\n\n\n<p>Comprometemo-nos a assegurar que possa exercer o direito de acesso e controlo dos seus dados.<br>Assim, o Titular dos dados tem o direito de:<\/p>\n\n\n\n<ul class=\"wp-block-list\"><li>Acesso a informa\u00e7\u00f5es pessoais, sujeito ao nosso direito de confirma\u00e7\u00e3o de identidade;<\/li><li>Retifica\u00e7\u00e3o;<\/li><li>Apagamento;<\/li><li>Limita\u00e7\u00e3o;<\/li><li>Oposi\u00e7\u00e3o;<\/li><li>Entre outros.<\/li><\/ul>\n\n\n\n<p>Estes direitos podem ser exercidos de acordo com o estabelecido no procedimento interno de tratamento de dados pessoais em vigor na ETP.<\/p>\n<\/div><\/div>\n<\/div><\/div><\/div>\n","protected":false},"excerpt":{"rendered":"<p>POL\u00cdTICA DE PROTE\u00c7\u00c3O DE DADOS DA ENVIRONMENT, TRANSPORT &amp; PLANNING, PORTUGAL, LDA. O objetivo deste documento \u00e9 dar a conhecer o compromisso da Environment, Transport &amp; Planning, de ora em diante referida como ETP, para com a prote\u00e7\u00e3o dos dados pessoais fornecidos atrav\u00e9s do website. Pretendemos que a informa\u00e7\u00e3o seja clara, concisa e transparente para&#8230;<\/p>","protected":false},"author":96739691,"featured_media":0,"parent":0,"menu_order":0,"comment_status":"closed","ping_status":"closed","template":"","meta":{"_kad_blocks_custom_css":"","_kad_blocks_head_custom_js":"","_kad_blocks_body_custom_js":"","_kad_blocks_footer_custom_js":"","_kadence_starter_templates_imported_post":false,"_kad_post_transparent":"","_kad_post_title":"hide","_kad_post_layout":"","_kad_post_sidebar_id":"","_kad_post_content_style":"unboxed","_kad_post_vertical_padding":"hide","_kad_post_feature":"","_kad_post_feature_position":"","_kad_post_header":false,"_kad_post_footer":false,"_kad_post_classname":"","footnotes":""},"class_list":["post-498","page","type-page","status-publish","hentry"],"yoast_head":"<!-- This site is optimized with the Yoast SEO Premium plugin v27.5 (Yoast SEO v27.5) - https:\/\/yoast.com\/product\/yoast-seo-premium-wordpress\/ -->\n<title>POL\u00cdTICA DE PROTE\u00c7\u00c3O DE DADOS - ETP<\/title>\n<meta name=\"description\" content=\"Consulte o artigo e saiba mais sobre o compromisso da etp para com a prote\u00e7\u00e3o dos seus dados pessoais fornecidos atrav\u00e9s do website.\" \/>\n<meta name=\"robots\" content=\"index, follow, max-snippet:-1, max-image-preview:large, max-video-preview:-1\" \/>\n<link rel=\"canonical\" href=\"https:\/\/etp.pt\/en\/protecao-de-dados-etp\/\" \/>\n<meta property=\"og:locale\" content=\"en_GB\" \/>\n<meta property=\"og:type\" content=\"article\" \/>\n<meta property=\"og:title\" content=\"POL\u00cdTICA DE PROTE\u00c7\u00c3O DE DADOS\" \/>\n<meta property=\"og:description\" content=\"Consulte o artigo e saiba mais sobre o compromisso da etp para com a prote\u00e7\u00e3o dos seus dados pessoais fornecidos atrav\u00e9s do website.\" \/>\n<meta property=\"og:url\" content=\"https:\/\/etp.pt\/en\/protecao-de-dados-etp\/\" \/>\n<meta property=\"og:site_name\" content=\"Environment Transport &amp; Planning\" \/>\n<meta property=\"article:modified_time\" content=\"2021-08-15T12:01:41+00:00\" \/>\n<meta name=\"twitter:card\" content=\"summary_large_image\" \/>\n<meta name=\"twitter:label1\" content=\"Estimated reading time\" \/>\n\t<meta name=\"twitter:data1\" content=\"3 minutes\" \/>\n<script type=\"application\/ld+json\" class=\"yoast-schema-graph\">{\"@context\":\"https:\\\/\\\/schema.org\",\"@graph\":[{\"@type\":\"WebPage\",\"@id\":\"https:\\\/\\\/etp.pt\\\/protecao-de-dados-etp\\\/\",\"url\":\"https:\\\/\\\/etp.pt\\\/protecao-de-dados-etp\\\/\",\"name\":\"POL\u00cdTICA DE PROTE\u00c7\u00c3O DE DADOS - ETP\",\"isPartOf\":{\"@id\":\"https:\\\/\\\/etp.pt\\\/#website\"},\"datePublished\":\"2021-07-14T15:48:17+00:00\",\"dateModified\":\"2021-08-15T12:01:41+00:00\",\"description\":\"Consulte o artigo e saiba mais sobre o compromisso da etp para com a prote\u00e7\u00e3o dos seus dados pessoais fornecidos atrav\u00e9s do website.\",\"breadcrumb\":{\"@id\":\"https:\\\/\\\/etp.pt\\\/protecao-de-dados-etp\\\/#breadcrumb\"},\"inLanguage\":\"en-GB\",\"potentialAction\":[{\"@type\":\"ReadAction\",\"target\":[\"https:\\\/\\\/etp.pt\\\/protecao-de-dados-etp\\\/\"]}]},{\"@type\":\"BreadcrumbList\",\"@id\":\"https:\\\/\\\/etp.pt\\\/protecao-de-dados-etp\\\/#breadcrumb\",\"itemListElement\":[{\"@type\":\"ListItem\",\"position\":1,\"name\":\"In\u00edcio\",\"item\":\"https:\\\/\\\/etp.pt\\\/\"},{\"@type\":\"ListItem\",\"position\":2,\"name\":\"POL\u00cdTICA DE PROTE\u00c7\u00c3O DE DADOS\"}]},{\"@type\":\"WebSite\",\"@id\":\"https:\\\/\\\/etp.pt\\\/#website\",\"url\":\"https:\\\/\\\/etp.pt\\\/\",\"name\":\"Environment Transport &amp; Planning\",\"description\":\"Seguran\u00e7a Industrial e Ambiente\",\"publisher\":{\"@id\":\"https:\\\/\\\/etp.pt\\\/#organization\"},\"potentialAction\":[{\"@type\":\"SearchAction\",\"target\":{\"@type\":\"EntryPoint\",\"urlTemplate\":\"https:\\\/\\\/etp.pt\\\/?s={search_term_string}\"},\"query-input\":{\"@type\":\"PropertyValueSpecification\",\"valueRequired\":true,\"valueName\":\"search_term_string\"}}],\"inLanguage\":\"en-GB\"},{\"@type\":\"Organization\",\"@id\":\"https:\\\/\\\/etp.pt\\\/#organization\",\"name\":\"Environment Transport &amp; Planning\",\"url\":\"https:\\\/\\\/etp.pt\\\/\",\"logo\":{\"@type\":\"ImageObject\",\"inLanguage\":\"en-GB\",\"@id\":\"https:\\\/\\\/etp.pt\\\/#\\\/schema\\\/logo\\\/image\\\/\",\"url\":\"https:\\\/\\\/etp.pt\\\/wp-content\\\/uploads\\\/2021\\\/07\\\/etp-logo.png\",\"contentUrl\":\"https:\\\/\\\/etp.pt\\\/wp-content\\\/uploads\\\/2021\\\/07\\\/etp-logo.png\",\"width\":600,\"height\":316,\"caption\":\"Environment Transport &amp; Planning\"},\"image\":{\"@id\":\"https:\\\/\\\/etp.pt\\\/#\\\/schema\\\/logo\\\/image\\\/\"}}]}<\/script>\n<!-- \/ Yoast SEO Premium plugin. -->","yoast_head_json":{"title":"POL\u00cdTICA DE PROTE\u00c7\u00c3O DE DADOS - ETP","description":"Consulte o artigo e saiba mais sobre o compromisso da etp para com a prote\u00e7\u00e3o dos seus dados pessoais fornecidos atrav\u00e9s do website.","robots":{"index":"index","follow":"follow","max-snippet":"max-snippet:-1","max-image-preview":"max-image-preview:large","max-video-preview":"max-video-preview:-1"},"canonical":"https:\/\/etp.pt\/en\/protecao-de-dados-etp\/","og_locale":"en_GB","og_type":"article","og_title":"POL\u00cdTICA DE PROTE\u00c7\u00c3O DE DADOS","og_description":"Consulte o artigo e saiba mais sobre o compromisso da etp para com a prote\u00e7\u00e3o dos seus dados pessoais fornecidos atrav\u00e9s do website.","og_url":"https:\/\/etp.pt\/en\/protecao-de-dados-etp\/","og_site_name":"Environment Transport &amp; Planning","article_modified_time":"2021-08-15T12:01:41+00:00","twitter_card":"summary_large_image","twitter_misc":{"Estimated reading time":"3 minutes"},"schema":{"@context":"https:\/\/schema.org","@graph":[{"@type":"WebPage","@id":"https:\/\/etp.pt\/protecao-de-dados-etp\/","url":"https:\/\/etp.pt\/protecao-de-dados-etp\/","name":"POL\u00cdTICA DE PROTE\u00c7\u00c3O DE DADOS - ETP","isPartOf":{"@id":"https:\/\/etp.pt\/#website"},"datePublished":"2021-07-14T15:48:17+00:00","dateModified":"2021-08-15T12:01:41+00:00","description":"Consulte o artigo e saiba mais sobre o compromisso da etp para com a prote\u00e7\u00e3o dos seus dados pessoais fornecidos atrav\u00e9s do website.","breadcrumb":{"@id":"https:\/\/etp.pt\/protecao-de-dados-etp\/#breadcrumb"},"inLanguage":"en-GB","potentialAction":[{"@type":"ReadAction","target":["https:\/\/etp.pt\/protecao-de-dados-etp\/"]}]},{"@type":"BreadcrumbList","@id":"https:\/\/etp.pt\/protecao-de-dados-etp\/#breadcrumb","itemListElement":[{"@type":"ListItem","position":1,"name":"In\u00edcio","item":"https:\/\/etp.pt\/"},{"@type":"ListItem","position":2,"name":"POL\u00cdTICA DE PROTE\u00c7\u00c3O DE DADOS"}]},{"@type":"WebSite","@id":"https:\/\/etp.pt\/#website","url":"https:\/\/etp.pt\/","name":"Environment Transport &amp; Planning","description":"Seguran\u00e7a Industrial e Ambiente","publisher":{"@id":"https:\/\/etp.pt\/#organization"},"potentialAction":[{"@type":"SearchAction","target":{"@type":"EntryPoint","urlTemplate":"https:\/\/etp.pt\/?s={search_term_string}"},"query-input":{"@type":"PropertyValueSpecification","valueRequired":true,"valueName":"search_term_string"}}],"inLanguage":"en-GB"},{"@type":"Organization","@id":"https:\/\/etp.pt\/#organization","name":"Environment Transport &amp; Planning","url":"https:\/\/etp.pt\/","logo":{"@type":"ImageObject","inLanguage":"en-GB","@id":"https:\/\/etp.pt\/#\/schema\/logo\/image\/","url":"https:\/\/etp.pt\/wp-content\/uploads\/2021\/07\/etp-logo.png","contentUrl":"https:\/\/etp.pt\/wp-content\/uploads\/2021\/07\/etp-logo.png","width":600,"height":316,"caption":"Environment Transport &amp; Planning"},"image":{"@id":"https:\/\/etp.pt\/#\/schema\/logo\/image\/"}}]}},"taxonomy_info":[],"featured_image_src_large":false,"author_info":{"display_name":"","author_link":"https:\/\/etp.pt\/en\/author\/"},"comment_info":0,"_links":{"self":[{"href":"https:\/\/etp.pt\/en\/wp-json\/wp\/v2\/pages\/498","targetHints":{"allow":["GET"]}}],"collection":[{"href":"https:\/\/etp.pt\/en\/wp-json\/wp\/v2\/pages"}],"about":[{"href":"https:\/\/etp.pt\/en\/wp-json\/wp\/v2\/types\/page"}],"author":[{"embeddable":true,"href":"https:\/\/etp.pt\/en\/wp-json\/wp\/v2\/users\/96739691"}],"replies":[{"embeddable":true,"href":"https:\/\/etp.pt\/en\/wp-json\/wp\/v2\/comments?post=498"}],"version-history":[{"count":3,"href":"https:\/\/etp.pt\/en\/wp-json\/wp\/v2\/pages\/498\/revisions"}],"predecessor-version":[{"id":694,"href":"https:\/\/etp.pt\/en\/wp-json\/wp\/v2\/pages\/498\/revisions\/694"}],"wp:attachment":[{"href":"https:\/\/etp.pt\/en\/wp-json\/wp\/v2\/media?parent=498"}],"curies":[{"name":"wp","href":"https:\/\/api.w.org\/{rel}","templated":true}]}}