{"id":296,"date":"2021-07-11T07:48:07","date_gmt":"2021-07-11T07:48:07","guid":{"rendered":"https:\/\/www.etp.pt\/?page_id=296"},"modified":"2021-08-13T19:58:19","modified_gmt":"2021-08-13T19:58:19","slug":"sistema-de-gestao-etp","status":"publish","type":"page","link":"https:\/\/etp.pt\/en\/sistema-de-gestao-etp\/","title":{"rendered":"Certifica\u00e7\u00e3o do Sistema de Gest\u00e3o"},"content":{"rendered":"<style>#kt-layout-id_46b62a-66 > .kt-row-column-wrap{align-content:start;}:where(#kt-layout-id_46b62a-66 > .kt-row-column-wrap) > .wp-block-kadence-column{justify-content:start;}#kt-layout-id_46b62a-66 > .kt-row-column-wrap{column-gap:var(--global-kb-gap-md, 2rem);row-gap:var(--global-kb-gap-md, 2rem);max-width:var( --global-content-width, 1200px );padding-left:var(--global-content-edge-padding);padding-right:var(--global-content-edge-padding);padding-top:var( --global-kb-row-default-top, 25px );padding-bottom:var( --global-kb-row-default-bottom, 25px );padding-top:var(--global-kb-spacing-sm, 1.5rem);padding-bottom:var(--global-kb-spacing-sm, 1.5rem);grid-template-columns:repeat(2, minmax(0, 1fr));}#kt-layout-id_46b62a-66 > .kt-row-layout-overlay{opacity:0.30;}@media all and (max-width: 1024px){#kt-layout-id_46b62a-66 > .kt-row-column-wrap{grid-template-columns:repeat(2, minmax(0, 1fr));}}@media all and (max-width: 767px){#kt-layout-id_46b62a-66 > .kt-row-column-wrap{grid-template-columns:minmax(0, 1fr);}}<\/style>\n<div class=\"wp-block-kadence-rowlayout aligncenter\"><div id=\"kt-layout-id_46b62a-66\" class=\"kt-row-layout-inner kt-layout-id_46b62a-66\"><div class=\"kt-row-column-wrap kt-has-2-columns kt-gutter-default kt-v-gutter-default kt-row-valign-top kt-row-layout-equal kt-tab-layout-inherit kt-m-colapse-left-to-right kt-mobile-layout-row kb-theme-content-width\"><style>.kadence-column_d5023c-c6 > .kt-inside-inner-col{border-top-width:0px;border-right-width:0px;border-bottom-width:0px;border-left-width:0px;}.kadence-column_d5023c-c6 > .kt-inside-inner-col,.kadence-column_d5023c-c6 > .kt-inside-inner-col:before{border-top-left-radius:0px;border-top-right-radius:0px;border-bottom-right-radius:0px;border-bottom-left-radius:0px;}.kadence-column_d5023c-c6 > .kt-inside-inner-col{column-gap:var(--global-kb-gap-sm, 1rem);}.kadence-column_d5023c-c6 > .kt-inside-inner-col{flex-direction:column;}.kadence-column_d5023c-c6 > .kt-inside-inner-col > .aligncenter{width:100%;}.kadence-column_d5023c-c6 > .kt-inside-inner-col:before{opacity:0.3;}.kadence-column_d5023c-c6{position:relative;}@media all and (max-width: 1024px){.kadence-column_d5023c-c6 > .kt-inside-inner-col{flex-direction:column;justify-content:center;}}@media all and (max-width: 767px){.kadence-column_d5023c-c6 > .kt-inside-inner-col{flex-direction:column;justify-content:center;}}<\/style>\n<div class=\"wp-block-kadence-column inner-column-1 kadence-column_d5023c-c6\"><div class=\"kt-inside-inner-col\"><style>.wp-block-kadence-advancedheading.kt-adv-heading_efe9f8-e0, .wp-block-kadence-advancedheading.kt-adv-heading_efe9f8-e0[data-kb-block=\"kb-adv-heading_efe9f8-e0\"]{text-align:left;font-style:normal;}.wp-block-kadence-advancedheading.kt-adv-heading_efe9f8-e0 mark.kt-highlight, .wp-block-kadence-advancedheading.kt-adv-heading_efe9f8-e0[data-kb-block=\"kb-adv-heading_efe9f8-e0\"] mark.kt-highlight{font-style:normal;color:#f76a0c;-webkit-box-decoration-break:clone;box-decoration-break:clone;padding-top:0px;padding-right:0px;padding-bottom:0px;padding-left:0px;}.wp-block-kadence-advancedheading.kt-adv-heading_efe9f8-e0 img.kb-inline-image, .wp-block-kadence-advancedheading.kt-adv-heading_efe9f8-e0[data-kb-block=\"kb-adv-heading_efe9f8-e0\"] img.kb-inline-image{width:150px;vertical-align:baseline;}<\/style>\n<h1 class=\"kt-adv-heading_efe9f8-e0 wp-block-kadence-advancedheading\" data-kb-block=\"kb-adv-heading_efe9f8-e0\">Certifica\u00e7\u00e3o do<br>Sistema de Gest\u00e3o ETP<\/h1>\n\n\n\n<figure class=\"wp-block-image size-large\"><img loading=\"lazy\" decoding=\"async\" width=\"1024\" height=\"576\" src=\"https:\/\/www.etp.pt\/wp-content\/uploads\/2021\/07\/etp-sistema-gestao-1024x576.jpg\" alt=\"\" class=\"wp-image-471\" srcset=\"https:\/\/etp.pt\/wp-content\/uploads\/2021\/07\/etp-sistema-gestao-1024x576.jpg 1024w, https:\/\/etp.pt\/wp-content\/uploads\/2021\/07\/etp-sistema-gestao-300x169.jpg 300w, https:\/\/etp.pt\/wp-content\/uploads\/2021\/07\/etp-sistema-gestao-768x432.jpg 768w, https:\/\/etp.pt\/wp-content\/uploads\/2021\/07\/etp-sistema-gestao.jpg 1280w\" sizes=\"auto, (max-width: 1024px) 100vw, 1024px\" \/><\/figure>\n<\/div><\/div>\n\n\n<style>.kadence-column_250576-a1 > .kt-inside-inner-col{border-top-width:0px;border-right-width:0px;border-bottom-width:0px;border-left-width:0px;}.kadence-column_250576-a1 > .kt-inside-inner-col,.kadence-column_250576-a1 > .kt-inside-inner-col:before{border-top-left-radius:0px;border-top-right-radius:0px;border-bottom-right-radius:0px;border-bottom-left-radius:0px;}.kadence-column_250576-a1 > .kt-inside-inner-col{column-gap:var(--global-kb-gap-sm, 1rem);}.kadence-column_250576-a1 > .kt-inside-inner-col{flex-direction:column;}.kadence-column_250576-a1 > .kt-inside-inner-col > .aligncenter{width:100%;}.kadence-column_250576-a1 > .kt-inside-inner-col:before{opacity:0.3;}.kadence-column_250576-a1{text-align:left;}.kadence-column_250576-a1{position:relative;}@media all and (max-width: 1024px){.kadence-column_250576-a1 > .kt-inside-inner-col{flex-direction:column;justify-content:center;}}@media all and (max-width: 767px){.kadence-column_250576-a1 > .kt-inside-inner-col{flex-direction:column;justify-content:center;}}<\/style>\n<div class=\"wp-block-kadence-column inner-column-2 kadence-column_250576-a1\"><div class=\"kt-inside-inner-col\">\n<p>A ETP definiu como objetivo estrat\u00e9gico para 2020 a implementa\u00e7\u00e3o e certifica\u00e7\u00e3o de um sistema de gest\u00e3o da Qualidade e do <a href=\"https:\/\/www.etp.pt\/ambiente-environment-transport-and-planning\/\">Ambiente<\/a>.<\/p>\n\n\n\n<p>Com este sistema a ETP pretende melhorar a efic\u00e1cia e a efici\u00eancia dos seus processos, aumentando a produtividade e promovendo a sustentabilidade e, assim, ir ao encontro das necessidades e expectativas das partes interessadas.<\/p>\n\n\n<style>.wp-block-kadence-advancedheading.kt-adv-heading_63861d-39, .wp-block-kadence-advancedheading.kt-adv-heading_63861d-39[data-kb-block=\"kb-adv-heading_63861d-39\"]{font-style:normal;}.wp-block-kadence-advancedheading.kt-adv-heading_63861d-39 mark.kt-highlight, .wp-block-kadence-advancedheading.kt-adv-heading_63861d-39[data-kb-block=\"kb-adv-heading_63861d-39\"] mark.kt-highlight{font-style:normal;color:#f76a0c;-webkit-box-decoration-break:clone;box-decoration-break:clone;padding-top:0px;padding-right:0px;padding-bottom:0px;padding-left:0px;}.wp-block-kadence-advancedheading.kt-adv-heading_63861d-39 img.kb-inline-image, .wp-block-kadence-advancedheading.kt-adv-heading_63861d-39[data-kb-block=\"kb-adv-heading_63861d-39\"] img.kb-inline-image{width:150px;vertical-align:baseline;}<\/style>\n<h4 class=\"kt-adv-heading_63861d-39 wp-block-kadence-advancedheading\" data-kb-block=\"kb-adv-heading_63861d-39\">\u00c2mbito<\/h4>\n\n\n\n<p>Presta\u00e7\u00e3o de servi\u00e7os de consultoria em <a href=\"https:\/\/www.etp.pt\/ambiente-na-etp\/\">gest\u00e3o e engenharia ambiental<\/a>, estudos geoambientais (solos e \u00e1guas contaminadas), <a href=\"https:\/\/www.etp.pt\/seguranca-industrial\/\">seguran\u00e7a industrial<\/a>, seguran\u00e7a no trabalho, transporte de mercadorias perigosas, resposta a emerg\u00eancia e <a href=\"https:\/\/www.etp.pt\/gestao-da-conformidade-legal\/\">avalia\u00e7\u00e3o da conformidade legal<\/a>.<\/p>\n\n\n<style>.wp-block-kadence-advancedbtn.kb-btns_cbb931-90{gap:var(--global-kb-gap-xs, 0.5rem );justify-content:flex-start;align-items:center;}.kt-btns_cbb931-90 .kt-button{font-weight:normal;font-style:normal;}.kt-btns_cbb931-90 .kt-btn-wrap-0{margin-right:5px;}.wp-block-kadence-advancedbtn.kt-btns_cbb931-90 .kt-btn-wrap-0 .kt-button::before{display:none;}.kt-btns_cbb931-90 .kt-btn-wrap-1{margin-right:5px;}.wp-block-kadence-advancedbtn.kt-btns_cbb931-90 .kt-btn-wrap-1 .kt-button::before{display:none;}.kt-btns_cbb931-90 .kt-btn-wrap-2{margin-right:5px;}.wp-block-kadence-advancedbtn.kt-btns_cbb931-90 .kt-btn-wrap-2 .kt-button::before{display:none;}<\/style>\n<div class=\"wp-block-kadence-advancedbtn kt-btn-align-left kt-btn-tablet-align-inherit kt-btn-mobile-align-inherit kt-btns-wrap kt-btns_cbb931-90\"><div class=\"kt-btn-wrap kt-btn-wrap-0\"><a class=\"kt-button button kt-btn-0-action kt-btn-size-standard kt-btn-style-basic kt-btn-svg-show-always kt-btn-has-text-true kt-btn-has-svg-false kb-btn-global-inherit wp-block-button__link\" href=\"https:\/\/www.etp.pt\/wp-content\/uploads\/2021\/07\/D-ES-01-01.pdf\" target=\"_blank\" rel=\"noreferrer noopener\"><span class=\"kt-btn-inner-text\">Pol\u00edtica<\/span><\/a><\/div><div class=\"kt-btn-wrap kt-btn-wrap-1\"><a class=\"kt-button button kt-btn-1-action kt-btn-size-standard kt-btn-style-basic kt-btn-svg-show-always kt-btn-has-text-true kt-btn-has-svg-false kb-btn-global-inherit wp-block-button__link\" href=\"https:\/\/www.etp.pt\/wp-content\/uploads\/2021\/07\/ENVIRONMENT-TRANSPORT-PLANNING-Lda.-9001.pdf\" target=\"_blank\" rel=\"noreferrer noopener\"><span class=\"kt-btn-inner-text\">Certificado ISO 9001:2015<\/span><\/a><\/div><div class=\"kt-btn-wrap kt-btn-wrap-2\"><a class=\"kt-button button kt-btn-2-action kt-btn-size-standard kt-btn-style-basic kt-btn-svg-show-always kt-btn-has-text-true kt-btn-has-svg-false kb-btn-global-inherit wp-block-button__link\" href=\"https:\/\/www.etp.pt\/wp-content\/uploads\/2021\/07\/ENVIRONMENT-TRANSPORT-PLANNING-Lda.-14001.pdf\" target=\"_blank\" rel=\"noreferrer noopener\"><span class=\"kt-btn-inner-text\">Certificado ISO 14001:2015<\/span><\/a><\/div><\/div>\n\n\n\n<p><\/p>\n<\/div><\/div>\n<\/div><\/div><\/div>\n\n\n\n<p><\/p>\n","protected":false},"excerpt":{"rendered":"<p>Certifica\u00e7\u00e3o doSistema de Gest\u00e3o ETP A ETP definiu como objetivo estrat\u00e9gico para 2020 a implementa\u00e7\u00e3o e certifica\u00e7\u00e3o de um sistema de gest\u00e3o da Qualidade e do Ambiente. Com este sistema a ETP pretende melhorar a efic\u00e1cia e a efici\u00eancia dos seus processos, aumentando a produtividade e promovendo a sustentabilidade e, assim, ir ao encontro das&#8230;<\/p>","protected":false},"author":96739691,"featured_media":0,"parent":0,"menu_order":0,"comment_status":"closed","ping_status":"closed","template":"","meta":{"_kad_blocks_custom_css":"","_kad_blocks_head_custom_js":"","_kad_blocks_body_custom_js":"","_kad_blocks_footer_custom_js":"","_kadence_starter_templates_imported_post":false,"_kad_post_transparent":"disable","_kad_post_title":"hide","_kad_post_layout":"","_kad_post_sidebar_id":"","_kad_post_content_style":"unboxed","_kad_post_vertical_padding":"default","_kad_post_feature":"hide","_kad_post_feature_position":"","_kad_post_header":false,"_kad_post_footer":false,"_kad_post_classname":"","footnotes":""},"class_list":["post-296","page","type-page","status-publish","hentry"],"yoast_head":"<!-- This site is optimized with the Yoast SEO Premium plugin v27.3 (Yoast SEO v27.3) - https:\/\/yoast.com\/product\/yoast-seo-premium-wordpress\/ -->\n<title>Certifica\u00e7\u00e3o do Sistema de Gest\u00e3o - Environment Transport &amp; Planning<\/title>\n<meta name=\"description\" content=\"A ETP definiu como objetivo estrat\u00e9gico para 2020 a implementa\u00e7\u00e3o e certifica\u00e7\u00e3o de um sistema de gest\u00e3o da Qualidade e do Ambiente.\" \/>\n<meta name=\"robots\" content=\"index, follow, max-snippet:-1, max-image-preview:large, max-video-preview:-1\" \/>\n<link rel=\"canonical\" href=\"https:\/\/etp.pt\/en\/sistema-de-gestao-etp\/\" \/>\n<meta property=\"og:locale\" content=\"en_GB\" \/>\n<meta property=\"og:type\" content=\"article\" \/>\n<meta property=\"og:title\" content=\"Certifica\u00e7\u00e3o do Sistema de Gest\u00e3o\" \/>\n<meta property=\"og:description\" content=\"A ETP definiu como objetivo estrat\u00e9gico para 2020 a implementa\u00e7\u00e3o e certifica\u00e7\u00e3o de um sistema de gest\u00e3o da Qualidade e do Ambiente.\" \/>\n<meta property=\"og:url\" content=\"https:\/\/etp.pt\/en\/sistema-de-gestao-etp\/\" \/>\n<meta property=\"og:site_name\" content=\"Environment Transport &amp; Planning\" \/>\n<meta property=\"article:modified_time\" content=\"2021-08-13T19:58:19+00:00\" \/>\n<meta property=\"og:image\" content=\"https:\/\/www.etp.pt\/wp-content\/uploads\/2021\/07\/etp-sistema-gestao-1024x576.jpg\" \/>\n<meta name=\"twitter:card\" content=\"summary_large_image\" \/>\n<meta name=\"twitter:label1\" content=\"Estimated reading time\" \/>\n\t<meta name=\"twitter:data1\" content=\"1 minute\" \/>\n<script type=\"application\/ld+json\" class=\"yoast-schema-graph\">{\"@context\":\"https:\\\/\\\/schema.org\",\"@graph\":[{\"@type\":\"WebPage\",\"@id\":\"https:\\\/\\\/etp.pt\\\/sistema-de-gestao-etp\\\/\",\"url\":\"https:\\\/\\\/etp.pt\\\/sistema-de-gestao-etp\\\/\",\"name\":\"Certifica\u00e7\u00e3o do Sistema de Gest\u00e3o - Environment Transport &amp; Planning\",\"isPartOf\":{\"@id\":\"https:\\\/\\\/etp.pt\\\/#website\"},\"primaryImageOfPage\":{\"@id\":\"https:\\\/\\\/etp.pt\\\/sistema-de-gestao-etp\\\/#primaryimage\"},\"image\":{\"@id\":\"https:\\\/\\\/etp.pt\\\/sistema-de-gestao-etp\\\/#primaryimage\"},\"thumbnailUrl\":\"https:\\\/\\\/www.etp.pt\\\/wp-content\\\/uploads\\\/2021\\\/07\\\/etp-sistema-gestao-1024x576.jpg\",\"datePublished\":\"2021-07-11T07:48:07+00:00\",\"dateModified\":\"2021-08-13T19:58:19+00:00\",\"description\":\"A ETP definiu como objetivo estrat\u00e9gico para 2020 a implementa\u00e7\u00e3o e certifica\u00e7\u00e3o de um sistema de gest\u00e3o da Qualidade e do Ambiente.\",\"breadcrumb\":{\"@id\":\"https:\\\/\\\/etp.pt\\\/sistema-de-gestao-etp\\\/#breadcrumb\"},\"inLanguage\":\"en-GB\",\"potentialAction\":[{\"@type\":\"ReadAction\",\"target\":[\"https:\\\/\\\/etp.pt\\\/sistema-de-gestao-etp\\\/\"]}]},{\"@type\":\"ImageObject\",\"inLanguage\":\"en-GB\",\"@id\":\"https:\\\/\\\/etp.pt\\\/sistema-de-gestao-etp\\\/#primaryimage\",\"url\":\"https:\\\/\\\/www.etp.pt\\\/wp-content\\\/uploads\\\/2021\\\/07\\\/etp-sistema-gestao-1024x576.jpg\",\"contentUrl\":\"https:\\\/\\\/www.etp.pt\\\/wp-content\\\/uploads\\\/2021\\\/07\\\/etp-sistema-gestao-1024x576.jpg\"},{\"@type\":\"BreadcrumbList\",\"@id\":\"https:\\\/\\\/etp.pt\\\/sistema-de-gestao-etp\\\/#breadcrumb\",\"itemListElement\":[{\"@type\":\"ListItem\",\"position\":1,\"name\":\"In\u00edcio\",\"item\":\"https:\\\/\\\/etp.pt\\\/\"},{\"@type\":\"ListItem\",\"position\":2,\"name\":\"Certifica\u00e7\u00e3o do Sistema de Gest\u00e3o\"}]},{\"@type\":\"WebSite\",\"@id\":\"https:\\\/\\\/etp.pt\\\/#website\",\"url\":\"https:\\\/\\\/etp.pt\\\/\",\"name\":\"Environment Transport &amp; Planning\",\"description\":\"Seguran\u00e7a Industrial e Ambiente\",\"publisher\":{\"@id\":\"https:\\\/\\\/etp.pt\\\/#organization\"},\"potentialAction\":[{\"@type\":\"SearchAction\",\"target\":{\"@type\":\"EntryPoint\",\"urlTemplate\":\"https:\\\/\\\/etp.pt\\\/?s={search_term_string}\"},\"query-input\":{\"@type\":\"PropertyValueSpecification\",\"valueRequired\":true,\"valueName\":\"search_term_string\"}}],\"inLanguage\":\"en-GB\"},{\"@type\":\"Organization\",\"@id\":\"https:\\\/\\\/etp.pt\\\/#organization\",\"name\":\"Environment Transport &amp; Planning\",\"url\":\"https:\\\/\\\/etp.pt\\\/\",\"logo\":{\"@type\":\"ImageObject\",\"inLanguage\":\"en-GB\",\"@id\":\"https:\\\/\\\/etp.pt\\\/#\\\/schema\\\/logo\\\/image\\\/\",\"url\":\"https:\\\/\\\/etp.pt\\\/wp-content\\\/uploads\\\/2021\\\/07\\\/etp-logo.png\",\"contentUrl\":\"https:\\\/\\\/etp.pt\\\/wp-content\\\/uploads\\\/2021\\\/07\\\/etp-logo.png\",\"width\":600,\"height\":316,\"caption\":\"Environment Transport &amp; Planning\"},\"image\":{\"@id\":\"https:\\\/\\\/etp.pt\\\/#\\\/schema\\\/logo\\\/image\\\/\"}}]}<\/script>\n<!-- \/ Yoast SEO Premium plugin. -->","yoast_head_json":{"title":"Certifica\u00e7\u00e3o do Sistema de Gest\u00e3o - Environment Transport &amp; Planning","description":"A ETP definiu como objetivo estrat\u00e9gico para 2020 a implementa\u00e7\u00e3o e certifica\u00e7\u00e3o de um sistema de gest\u00e3o da Qualidade e do Ambiente.","robots":{"index":"index","follow":"follow","max-snippet":"max-snippet:-1","max-image-preview":"max-image-preview:large","max-video-preview":"max-video-preview:-1"},"canonical":"https:\/\/etp.pt\/en\/sistema-de-gestao-etp\/","og_locale":"en_GB","og_type":"article","og_title":"Certifica\u00e7\u00e3o do Sistema de Gest\u00e3o","og_description":"A ETP definiu como objetivo estrat\u00e9gico para 2020 a implementa\u00e7\u00e3o e certifica\u00e7\u00e3o de um sistema de gest\u00e3o da Qualidade e do Ambiente.","og_url":"https:\/\/etp.pt\/en\/sistema-de-gestao-etp\/","og_site_name":"Environment Transport &amp; Planning","article_modified_time":"2021-08-13T19:58:19+00:00","og_image":[{"url":"https:\/\/www.etp.pt\/wp-content\/uploads\/2021\/07\/etp-sistema-gestao-1024x576.jpg","type":"","width":"","height":""}],"twitter_card":"summary_large_image","twitter_misc":{"Estimated reading time":"1 minute"},"schema":{"@context":"https:\/\/schema.org","@graph":[{"@type":"WebPage","@id":"https:\/\/etp.pt\/sistema-de-gestao-etp\/","url":"https:\/\/etp.pt\/sistema-de-gestao-etp\/","name":"Certifica\u00e7\u00e3o do Sistema de Gest\u00e3o - Environment Transport &amp; Planning","isPartOf":{"@id":"https:\/\/etp.pt\/#website"},"primaryImageOfPage":{"@id":"https:\/\/etp.pt\/sistema-de-gestao-etp\/#primaryimage"},"image":{"@id":"https:\/\/etp.pt\/sistema-de-gestao-etp\/#primaryimage"},"thumbnailUrl":"https:\/\/www.etp.pt\/wp-content\/uploads\/2021\/07\/etp-sistema-gestao-1024x576.jpg","datePublished":"2021-07-11T07:48:07+00:00","dateModified":"2021-08-13T19:58:19+00:00","description":"A ETP definiu como objetivo estrat\u00e9gico para 2020 a implementa\u00e7\u00e3o e certifica\u00e7\u00e3o de um sistema de gest\u00e3o da Qualidade e do Ambiente.","breadcrumb":{"@id":"https:\/\/etp.pt\/sistema-de-gestao-etp\/#breadcrumb"},"inLanguage":"en-GB","potentialAction":[{"@type":"ReadAction","target":["https:\/\/etp.pt\/sistema-de-gestao-etp\/"]}]},{"@type":"ImageObject","inLanguage":"en-GB","@id":"https:\/\/etp.pt\/sistema-de-gestao-etp\/#primaryimage","url":"https:\/\/www.etp.pt\/wp-content\/uploads\/2021\/07\/etp-sistema-gestao-1024x576.jpg","contentUrl":"https:\/\/www.etp.pt\/wp-content\/uploads\/2021\/07\/etp-sistema-gestao-1024x576.jpg"},{"@type":"BreadcrumbList","@id":"https:\/\/etp.pt\/sistema-de-gestao-etp\/#breadcrumb","itemListElement":[{"@type":"ListItem","position":1,"name":"In\u00edcio","item":"https:\/\/etp.pt\/"},{"@type":"ListItem","position":2,"name":"Certifica\u00e7\u00e3o do Sistema de Gest\u00e3o"}]},{"@type":"WebSite","@id":"https:\/\/etp.pt\/#website","url":"https:\/\/etp.pt\/","name":"Environment Transport &amp; Planning","description":"Seguran\u00e7a Industrial e Ambiente","publisher":{"@id":"https:\/\/etp.pt\/#organization"},"potentialAction":[{"@type":"SearchAction","target":{"@type":"EntryPoint","urlTemplate":"https:\/\/etp.pt\/?s={search_term_string}"},"query-input":{"@type":"PropertyValueSpecification","valueRequired":true,"valueName":"search_term_string"}}],"inLanguage":"en-GB"},{"@type":"Organization","@id":"https:\/\/etp.pt\/#organization","name":"Environment Transport &amp; Planning","url":"https:\/\/etp.pt\/","logo":{"@type":"ImageObject","inLanguage":"en-GB","@id":"https:\/\/etp.pt\/#\/schema\/logo\/image\/","url":"https:\/\/etp.pt\/wp-content\/uploads\/2021\/07\/etp-logo.png","contentUrl":"https:\/\/etp.pt\/wp-content\/uploads\/2021\/07\/etp-logo.png","width":600,"height":316,"caption":"Environment Transport &amp; Planning"},"image":{"@id":"https:\/\/etp.pt\/#\/schema\/logo\/image\/"}}]}},"taxonomy_info":[],"featured_image_src_large":false,"author_info":{"display_name":"","author_link":"https:\/\/etp.pt\/en\/author\/"},"comment_info":0,"_links":{"self":[{"href":"https:\/\/etp.pt\/en\/wp-json\/wp\/v2\/pages\/296","targetHints":{"allow":["GET"]}}],"collection":[{"href":"https:\/\/etp.pt\/en\/wp-json\/wp\/v2\/pages"}],"about":[{"href":"https:\/\/etp.pt\/en\/wp-json\/wp\/v2\/types\/page"}],"author":[{"embeddable":true,"href":"https:\/\/etp.pt\/en\/wp-json\/wp\/v2\/users\/96739691"}],"replies":[{"embeddable":true,"href":"https:\/\/etp.pt\/en\/wp-json\/wp\/v2\/comments?post=296"}],"version-history":[{"count":9,"href":"https:\/\/etp.pt\/en\/wp-json\/wp\/v2\/pages\/296\/revisions"}],"predecessor-version":[{"id":689,"href":"https:\/\/etp.pt\/en\/wp-json\/wp\/v2\/pages\/296\/revisions\/689"}],"wp:attachment":[{"href":"https:\/\/etp.pt\/en\/wp-json\/wp\/v2\/media?parent=296"}],"curies":[{"name":"wp","href":"https:\/\/api.w.org\/{rel}","templated":true}]}}